{"id":323,"date":"2019-01-25T11:43:37","date_gmt":"2019-01-25T11:43:37","guid":{"rendered":"http:\/\/biblioteka.witnica.pl\/?page_id=323"},"modified":"2025-03-19T11:35:05","modified_gmt":"2025-03-19T11:35:05","slug":"godziny-otwarcia","status":"publish","type":"page","link":"http:\/\/biblioteka.witnica.pl\/?page_id=323","title":{"rendered":"Godziny otwarcia"},"content":{"rendered":"<p><strong>Biblioteka Miejska, ul. Gorzowska 22, 66-460 Witnica<br \/>\n<\/strong><\/p>\n<p>Biblioteka zaprasza w godzinach:<br \/>\nod poniedzia\u0142ku do pi\u0105tku 9.00-17.00<\/p>\n<p><strong>Filia w Kamieniu Ma\u0142ym, Kamie\u0144 Ma\u0142y 91 (Wiejski O\u015brodek Kultury)<\/strong><\/p>\n<p>Biblioteka zaprasza godzinach:<br \/>\nwtorek:\u00a0\u00a0\u00a0\u00a0 14.00-19.00<br \/>\n\u015broda:\u00a0\u00a0\u00a0\u00a0 \u00a0 14.00-19.00<\/p>\n<p><strong>Filia w D\u0105broszynie, D\u0105broszyn 22a (budynek \u015bwietlicy wiejskiej)<\/strong><\/p>\n<p>Biblioteka zaprasza w godzinach:<br \/>\nponiedzia\u0142ek: 9.00-17.00<br \/>\nwtorek: 9.00-17.00<br \/>\n\u015broda : 9.00-17.00<br \/>\nczwartek 9.00-17.00<br \/>\npi\u0105tek: 9.00-17.00<\/p>\n<div class='sfsi_Sicons' style='width: 100%; display: inline-block; vertical-align: middle; text-align:left'><div style='margin:0px 8px 0px 0px; line-height: 24px'><span><\/span><\/div><div class='sfsi_socialwpr'><div class='sf_fb' style='text-align:left;vertical-align: middle;width:98px'><div class=\"fb-like\" href=\"http:\/\/biblioteka.witnica.pl\/?page_id=323\" width=\"180\" send=\"false\" showfaces=\"false\"  action=\"like\" data-share=\"true\"data-layout=\"button\" ><\/div><\/div><\/div><\/div>","protected":false},"excerpt":{"rendered":"<p>Biblioteka Miejska, ul. Gorzowska 22, 66-460 Witnica Biblioteka zaprasza w godzinach: od poniedzia\u0142ku do pi\u0105tku 9.00-17.00 Filia w Kamieniu Ma\u0142ym, Kamie\u0144 Ma\u0142y 91 (Wiejski O\u015brodek Kultury) Biblioteka zaprasza godzinach: wtorek:\u00a0\u00a0\u00a0\u00a0 &hellip;<\/p>\n","protected":false},"author":1,"featured_media":0,"parent":0,"menu_order":0,"comment_status":"closed","ping_status":"closed","template":"","meta":[],"_links":{"self":[{"href":"http:\/\/biblioteka.witnica.pl\/index.php?rest_route=\/wp\/v2\/pages\/323"}],"collection":[{"href":"http:\/\/biblioteka.witnica.pl\/index.php?rest_route=\/wp\/v2\/pages"}],"about":[{"href":"http:\/\/biblioteka.witnica.pl\/index.php?rest_route=\/wp\/v2\/types\/page"}],"author":[{"embeddable":true,"href":"http:\/\/biblioteka.witnica.pl\/index.php?rest_route=\/wp\/v2\/users\/1"}],"replies":[{"embeddable":true,"href":"http:\/\/biblioteka.witnica.pl\/index.php?rest_route=%2Fwp%2Fv2%2Fcomments&post=323"}],"version-history":[{"count":7,"href":"http:\/\/biblioteka.witnica.pl\/index.php?rest_route=\/wp\/v2\/pages\/323\/revisions"}],"predecessor-version":[{"id":2995,"href":"http:\/\/biblioteka.witnica.pl\/index.php?rest_route=\/wp\/v2\/pages\/323\/revisions\/2995"}],"wp:attachment":[{"href":"http:\/\/biblioteka.witnica.pl\/index.php?rest_route=%2Fwp%2Fv2%2Fmedia&parent=323"}],"curies":[{"name":"wp","href":"https:\/\/api.w.org\/{rel}","templated":true}]}}